{"id":93,"date":"2026-02-17T13:46:54","date_gmt":"2026-02-17T13:46:54","guid":{"rendered":"https:\/\/hvsj.hr\/?page_id=93"},"modified":"2026-04-09T11:27:18","modified_gmt":"2026-04-09T11:27:18","slug":"impresum","status":"publish","type":"page","link":"https:\/\/hvsj.hr\/?page_id=93","title":{"rendered":"Impresum"},"content":{"rendered":"\n<p><\/p>\n\n\n\n<h2 class=\"wp-block-heading has-large-font-size\"><mark style=\"background-color:rgba(0, 0, 0, 0)\" class=\"has-inline-color has-secaccent-color\"><strong>OSOBNA KARTA <\/strong><\/mark>UDRUGE<\/h2>\n\n\n\n<p class=\"has-upper-heading-font-size\">Naziv    :<strong>     Hrvatsko glazbeno dru\u0161tvo &#8220;Vitezovi sv. Jurja&#8221;<\/strong><\/p>\n\n\n\n<p class=\"has-upper-heading-font-size\">Adresa:      <strong>Ulica bra\u0107e Radi\u0107<\/strong> <strong>1A, Ka\u0161tel Su\u0107urac<\/strong><\/p>\n\n\n\n<p class=\"has-upper-heading-font-size\">Telefon :    <strong>+385 98 793 153 ; +385 91 221 1509<\/strong><\/p>\n\n\n\n<p class=\"has-vivid-red-color has-text-color has-upper-heading-font-size\">e-mail:         <strong>hgd.vitezovi.svetog.jurja@gmail.com<\/strong><\/p>\n\n\n\n<p class=\"has-upper-heading-font-size\">IBAN :          <strong>HR9424070001100238418<\/strong><\/p>\n\n\n\n<p class=\"has-upper-heading-font-size\">OIB :            <strong>99528392077<\/strong><\/p>\n\n\n\n<figure class=\"wp-block-image size-full is-resized\"><img loading=\"lazy\" decoding=\"async\" width=\"192\" height=\"192\" src=\"https:\/\/hvsj.hr\/wp-content\/uploads\/2026\/04\/images2.png\" alt=\"\" class=\"wp-image-115\" style=\"width:157px;height:auto\" srcset=\"https:\/\/hvsj.hr\/wp-content\/uploads\/2026\/04\/images2.png 192w, https:\/\/hvsj.hr\/wp-content\/uploads\/2026\/04\/images2-150x150.png 150w\" sizes=\"auto, (max-width: 192px) 100vw, 192px\" \/><\/figure>\n\n\n\n<p class=\"has-text-align-right\"><\/p>\n\n\n\n<h2 class=\"wp-block-heading has-large-font-size\">PREDSJEDNI\u0160TVO UDRUGE<\/h2>\n\n\n\n<p class=\"has-medium-font-size\">Predsjednik :                               <strong>DRA\u017dEN VUKOVI\u0106  <\/strong>     <\/p>\n\n\n\n<p class=\"has-medium-font-size\">Zamjenik predsjednika :      <strong>MLADEN LUKETIN<\/strong><\/p>\n\n\n\n<p class=\"has-medium-font-size\">Tajnik :                                            <strong>IVICA SRDELI\u0106<\/strong><\/p>\n\n\n\n<p>Umjetni\u010dki voditelj :                      <strong>IVO JERKUNICA<\/strong> prof.        <\/p>\n\n\n\n<figure class=\"wp-block-image size-full\"><img loading=\"lazy\" decoding=\"async\" width=\"192\" height=\"192\" src=\"https:\/\/hvsj.hr\/wp-content\/uploads\/2026\/04\/images2-1.png\" alt=\"\" class=\"wp-image-116\" srcset=\"https:\/\/hvsj.hr\/wp-content\/uploads\/2026\/04\/images2-1.png 192w, https:\/\/hvsj.hr\/wp-content\/uploads\/2026\/04\/images2-1-150x150.png 150w\" sizes=\"auto, (max-width: 192px) 100vw, 192px\" \/><\/figure>\n\n\n\n<h2 class=\"wp-block-heading\"><\/h2>\n\n\n\n<div class=\"wp-block-cover has-custom-content-position is-position-top-left\" style=\"min-height:304px;aspect-ratio:unset;\"><img loading=\"lazy\" decoding=\"async\" width=\"299\" height=\"168\" class=\"wp-block-cover__image-background wp-image-123\" alt=\"\" src=\"https:\/\/hvsj.hr\/wp-content\/uploads\/2026\/04\/Bez-naslova.jpg\" data-object-fit=\"cover\"\/><span aria-hidden=\"true\" class=\"wp-block-cover__background has-background-dim\"><\/span><div class=\"wp-block-cover__inner-container is-layout-flow wp-block-cover-is-layout-flow\">\n<p class=\"has-text-align-left has-normal-font-size\">\u010cLANOVI ORKESTRA<\/p>\n\n\n\n<ul class=\"wp-block-list\">\n<li>Tenor saksofoni  : <\/li>\n\n\n\n<li>Alt saksofoni        :<\/li>\n\n\n\n<li>Trube                        :<\/li>\n\n\n\n<li>Tromboni               :<\/li>\n\n\n\n<li>Klavijature            :<\/li>\n\n\n\n<li>Udaraljke               :<\/li>\n\n\n\n<li>Bas gitara              :<\/li>\n\n\n\n<li>Ritam gitara        :<\/li>\n<\/ul>\n<\/div><\/div>\n\n\n\n<h2 class=\"wp-block-heading has-upper-heading-font-size\">DOKUMENTI<\/h2>\n\n\n\n<ol class=\"wp-block-list\">\n<li><a href=\"https:\/\/hvsj.hr\/wp-content\/uploads\/2026\/02\/Statut_30122025.docx\">STATUT UDRUGE<\/a><\/li>\n\n\n\n<li><a href=\"http:\/\/Godisnji-progra\u2026026.docx\">GODI\u0160NJI PROGRAM ZA 2026<\/a><\/li>\n\n\n\n<li><a href=\"https:\/\/hvsj.hr\/wp-content\/uploads\/2026\/04\/IspisRegistarUdruga.pdf\">ISPIS IZ REGISTRA UDRUGA<\/a><\/li>\n<\/ol>\n\n\n\n<p><\/p>\n","protected":false},"excerpt":{"rendered":"<p>OSOBNA KARTA UDRUGE Naziv : Hrvatsko glazbeno dru\u0161tvo &#8220;Vitezovi sv. Jurja&#8221; Adresa: Ulica bra\u0107e Radi\u0107 1A, Ka\u0161tel Su\u0107urac Telefon : +385 98 793 153 ; +385 91 221 1509 e-mail: hgd.vitezovi.svetog.jurja@gmail.com IBAN : HR9424070001100238418 OIB : 99528392077 PREDSJEDNI\u0160TVO UDRUGE Predsjednik : DRA\u017dEN VUKOVI\u0106 Zamjenik predsjednika : MLADEN LUKETIN Tajnik : IVICA SRDELI\u0106 Umjetni\u010dki voditelj : [&hellip;]<\/p>\n","protected":false},"author":1,"featured_media":0,"parent":0,"menu_order":0,"comment_status":"closed","ping_status":"closed","template":"","meta":{"footnotes":""},"class_list":["post-93","page","type-page","status-publish","hentry"],"_links":{"self":[{"href":"https:\/\/hvsj.hr\/index.php?rest_route=\/wp\/v2\/pages\/93","targetHints":{"allow":["GET"]}}],"collection":[{"href":"https:\/\/hvsj.hr\/index.php?rest_route=\/wp\/v2\/pages"}],"about":[{"href":"https:\/\/hvsj.hr\/index.php?rest_route=\/wp\/v2\/types\/page"}],"author":[{"embeddable":true,"href":"https:\/\/hvsj.hr\/index.php?rest_route=\/wp\/v2\/users\/1"}],"replies":[{"embeddable":true,"href":"https:\/\/hvsj.hr\/index.php?rest_route=%2Fwp%2Fv2%2Fcomments&post=93"}],"version-history":[{"count":9,"href":"https:\/\/hvsj.hr\/index.php?rest_route=\/wp\/v2\/pages\/93\/revisions"}],"predecessor-version":[{"id":125,"href":"https:\/\/hvsj.hr\/index.php?rest_route=\/wp\/v2\/pages\/93\/revisions\/125"}],"wp:attachment":[{"href":"https:\/\/hvsj.hr\/index.php?rest_route=%2Fwp%2Fv2%2Fmedia&parent=93"}],"curies":[{"name":"wp","href":"https:\/\/api.w.org\/{rel}","templated":true}]}}